{"id":144,"date":"2020-10-07T12:19:54","date_gmt":"2020-10-07T10:19:54","guid":{"rendered":"http:\/\/keinekurvekassel-bi-grebenstein.de\/?page_id=144"},"modified":"2020-10-07T12:19:54","modified_gmt":"2020-10-07T10:19:54","slug":"bi-forum","status":"publish","type":"page","link":"https:\/\/keinekurvekassel-bi-grebenstein.de\/?page_id=144","title":{"rendered":"BI Forum"},"content":{"rendered":"<p>Gemeinsam gegen den Bau der Kurve Kassel.<\/p>\n<p>&nbsp;<\/p>\n<p><a href=\"https:\/\/www.keine-kurve-kassel.de\/\">B\u00fcrgerinitiative Vellmar<\/a><\/p>\n<p><a href=\"https:\/\/www.bi-kkk-immenhausen.de\/\">B\u00fcrgerinitiative Fuldatal<\/a><\/p>\n<p><a href=\"https:\/\/www.bi-kkk-immenhausen.de\/\">B\u00fcrgerinitiative Immenhausen<\/a><\/p>\n<p>&nbsp;<\/p>\n","protected":false},"excerpt":{"rendered":"<p>Gemeinsam gegen den Bau der Kurve Kassel. &nbsp; B\u00fcrgerinitiative Vellmar B\u00fcrgerinitiative Fuldatal B\u00fcrgerinitiative Immenhausen &nbsp;<\/p>\n","protected":false},"author":2,"featured_media":0,"parent":0,"menu_order":0,"comment_status":"closed","ping_status":"closed","template":"","meta":[],"_links":{"self":[{"href":"https:\/\/keinekurvekassel-bi-grebenstein.de\/index.php?rest_route=\/wp\/v2\/pages\/144"}],"collection":[{"href":"https:\/\/keinekurvekassel-bi-grebenstein.de\/index.php?rest_route=\/wp\/v2\/pages"}],"about":[{"href":"https:\/\/keinekurvekassel-bi-grebenstein.de\/index.php?rest_route=\/wp\/v2\/types\/page"}],"author":[{"embeddable":true,"href":"https:\/\/keinekurvekassel-bi-grebenstein.de\/index.php?rest_route=\/wp\/v2\/users\/2"}],"replies":[{"embeddable":true,"href":"https:\/\/keinekurvekassel-bi-grebenstein.de\/index.php?rest_route=%2Fwp%2Fv2%2Fcomments&post=144"}],"version-history":[{"count":5,"href":"https:\/\/keinekurvekassel-bi-grebenstein.de\/index.php?rest_route=\/wp\/v2\/pages\/144\/revisions"}],"predecessor-version":[{"id":150,"href":"https:\/\/keinekurvekassel-bi-grebenstein.de\/index.php?rest_route=\/wp\/v2\/pages\/144\/revisions\/150"}],"wp:attachment":[{"href":"https:\/\/keinekurvekassel-bi-grebenstein.de\/index.php?rest_route=%2Fwp%2Fv2%2Fmedia&parent=144"}],"curies":[{"name":"wp","href":"https:\/\/api.w.org\/{rel}","templated":true}]}}