{"id":7,"date":"2020-06-22T18:07:13","date_gmt":"2020-06-22T16:07:13","guid":{"rendered":"http:\/\/keinekurvekassel-bi-grebenstein.de\/?page_id=7"},"modified":"2020-06-28T09:52:40","modified_gmt":"2020-06-28T07:52:40","slug":"ueber-uns","status":"publish","type":"page","link":"https:\/\/keinekurvekassel-bi-grebenstein.de\/?page_id=7","title":{"rendered":"\u00dcber uns"},"content":{"rendered":"<p><em><strong>Vorstand der B\u00fcrgerinitiative<\/strong><\/em><\/p>\r\n<p><em>Sprecher f\u00fcr die B\u00fcrgerinitiative: Stefan Uhlig<\/em><\/p>\r\n<p><em>Stellvertretender Sprecher\u00a0\u00a0\u00a0\u00a0\u00a0\u00a0\u00a0\u00a0\u00a0\u00a0 : Herbert Christ<\/em><\/p>\r\n<p><em>Weitere Stellvertreter<\/em><\/p>\r\n<p><em>Lars Lewohn<\/em><\/p>\r\n<p><em>Ismail Yener<\/em><\/p>\r\n<p><em>Nic Barlo Jr.<\/em><\/p>\r\n<p><em>Jochen Schaffland<\/em><\/p>\r\n<p>&nbsp;<\/p>\r\n","protected":false},"excerpt":{"rendered":"<p>Vorstand der B\u00fcrgerinitiative Sprecher f\u00fcr die B\u00fcrgerinitiative: Stefan Uhlig Stellvertretender Sprecher\u00a0\u00a0\u00a0\u00a0\u00a0\u00a0\u00a0\u00a0\u00a0\u00a0 : Herbert Christ Weitere Stellvertreter Lars Lewohn Ismail Yener Nic Barlo Jr. Jochen Schaffland &nbsp;<\/p>\n","protected":false},"author":1,"featured_media":0,"parent":0,"menu_order":0,"comment_status":"closed","ping_status":"closed","template":"","meta":[],"_links":{"self":[{"href":"https:\/\/keinekurvekassel-bi-grebenstein.de\/index.php?rest_route=\/wp\/v2\/pages\/7"}],"collection":[{"href":"https:\/\/keinekurvekassel-bi-grebenstein.de\/index.php?rest_route=\/wp\/v2\/pages"}],"about":[{"href":"https:\/\/keinekurvekassel-bi-grebenstein.de\/index.php?rest_route=\/wp\/v2\/types\/page"}],"author":[{"embeddable":true,"href":"https:\/\/keinekurvekassel-bi-grebenstein.de\/index.php?rest_route=\/wp\/v2\/users\/1"}],"replies":[{"embeddable":true,"href":"https:\/\/keinekurvekassel-bi-grebenstein.de\/index.php?rest_route=%2Fwp%2Fv2%2Fcomments&post=7"}],"version-history":[{"count":5,"href":"https:\/\/keinekurvekassel-bi-grebenstein.de\/index.php?rest_route=\/wp\/v2\/pages\/7\/revisions"}],"predecessor-version":[{"id":64,"href":"https:\/\/keinekurvekassel-bi-grebenstein.de\/index.php?rest_route=\/wp\/v2\/pages\/7\/revisions\/64"}],"wp:attachment":[{"href":"https:\/\/keinekurvekassel-bi-grebenstein.de\/index.php?rest_route=%2Fwp%2Fv2%2Fmedia&parent=7"}],"curies":[{"name":"wp","href":"https:\/\/api.w.org\/{rel}","templated":true}]}}