{"id":9,"date":"2020-06-22T18:07:13","date_gmt":"2020-06-22T16:07:13","guid":{"rendered":"http:\/\/keinekurvekassel-bi-grebenstein.de\/?page_id=9"},"modified":"2020-06-28T13:43:33","modified_gmt":"2020-06-28T11:43:33","slug":"blog","status":"publish","type":"page","link":"https:\/\/keinekurvekassel-bi-grebenstein.de\/?page_id=9","title":{"rendered":"Blog"},"content":{"rendered":"<p>Die erstellte Kostenanalyse soll aufzeigen, dass es sinnvoll und im Hinblick auf unsere Natur von ma\u00dfgeblicher Bedeutung ist, bei anstehenden Verkehrsinfrastrukturprojekten wie dem Ausbau unseres Schienennetzes, den Faktor Energieeffizenz in den Focus der Betrachtung zu r\u00fccken.<br \/>\nDas Bundesverkehrsministerium hat die Bahn beauftragt, den Bau der Kurve Kassel zu pr\u00fcfen und die geignetste Strecke zu finden.<br \/>\nDer gew\u00e4hlte \u201eSUCHKORRIDOR\u201c ist allerdings nicht ausreichend.<br \/>\nDiese Auffasung wird von allen B\u00fcrgerinitiativen zum Thema einheitlich geteilt.<br \/>\nDaher richtet sich unser Bestreben darauf, die Erweiterung des Suchorridors beim Bundesministerium f\u00fcr Verkehr zu erwirken.<br \/>\nAbschlie\u00dfend m\u00f6chte ich hier allerdings noch einmal klar \u00e4u\u00dfern, dass sich die B\u00fcrgerinitiative Grebenstein und damit nat\u00fcrlich auch ich ausdr\u00fccklich f\u00fcr den Transport von G\u00fctern auf dem Streckennetz der Eisenbahn des Bundes aussprechen.<\/p>\n","protected":false},"excerpt":{"rendered":"<p>Die erstellte Kostenanalyse soll aufzeigen, dass es sinnvoll und im Hinblick auf unsere Natur von ma\u00dfgeblicher Bedeutung ist, bei anstehenden Verkehrsinfrastrukturprojekten wie dem Ausbau unseres Schienennetzes, den Faktor Energieeffizenz in den Focus der Betrachtung zu r\u00fccken. Das Bundesverkehrsministerium hat die Bahn beauftragt, den Bau der Kurve Kassel zu pr\u00fcfen und die geignetste Strecke zu finden. [&hellip;]<\/p>\n","protected":false},"author":1,"featured_media":0,"parent":0,"menu_order":0,"comment_status":"closed","ping_status":"closed","template":"","meta":[],"_links":{"self":[{"href":"https:\/\/keinekurvekassel-bi-grebenstein.de\/index.php?rest_route=\/wp\/v2\/pages\/9"}],"collection":[{"href":"https:\/\/keinekurvekassel-bi-grebenstein.de\/index.php?rest_route=\/wp\/v2\/pages"}],"about":[{"href":"https:\/\/keinekurvekassel-bi-grebenstein.de\/index.php?rest_route=\/wp\/v2\/types\/page"}],"author":[{"embeddable":true,"href":"https:\/\/keinekurvekassel-bi-grebenstein.de\/index.php?rest_route=\/wp\/v2\/users\/1"}],"replies":[{"embeddable":true,"href":"https:\/\/keinekurvekassel-bi-grebenstein.de\/index.php?rest_route=%2Fwp%2Fv2%2Fcomments&post=9"}],"version-history":[{"count":2,"href":"https:\/\/keinekurvekassel-bi-grebenstein.de\/index.php?rest_route=\/wp\/v2\/pages\/9\/revisions"}],"predecessor-version":[{"id":84,"href":"https:\/\/keinekurvekassel-bi-grebenstein.de\/index.php?rest_route=\/wp\/v2\/pages\/9\/revisions\/84"}],"wp:attachment":[{"href":"https:\/\/keinekurvekassel-bi-grebenstein.de\/index.php?rest_route=%2Fwp%2Fv2%2Fmedia&parent=9"}],"curies":[{"name":"wp","href":"https:\/\/api.w.org\/{rel}","templated":true}]}}